{"id":366,"date":"2022-01-24T11:11:03","date_gmt":"2022-01-24T10:11:03","guid":{"rendered":"https:\/\/bypi.fr\/antre\/?page_id=366"},"modified":"2023-05-10T15:57:07","modified_gmt":"2023-05-10T13:57:07","slug":"acceuil","status":"publish","type":"page","link":"https:\/\/bypi.fr\/antre\/","title":{"rendered":"Coaching Priv\u00e9 \u00e0 Toulouse"},"content":{"rendered":"\t\t<div data-elementor-type=\"wp-page\" data-elementor-id=\"366\" class=\"elementor elementor-366\">\n\t\t\t\t\t\t\t\t\t<section class=\"elementor-section elementor-top-section elementor-element elementor-element-0a2c9b4 elementor-section-full_width elementor-section-height-min-height elementor-section-items-stretch elementor-section-height-default\" data-id=\"0a2c9b4\" data-element_type=\"section\" data-settings=\"{&quot;background_background&quot;:&quot;video&quot;,&quot;background_video_link&quot;:&quot;https:\\\/\\\/bypi.fr\\\/antre\\\/wp-content\\\/uploads\\\/2023\\\/05\\\/Visite-Studio-Coaching-Sportif-Toulouse.mp4&quot;,&quot;background_play_on_mobile&quot;:&quot;yes&quot;}\">\n\t\t\t\t\t\t\t\t<div class=\"elementor-background-video-container\">\n\t\t\t\t\t\t\t\t\t\t\t\t\t<video class=\"elementor-background-video-hosted elementor-html5-video\" autoplay muted playsinline loop><\/video>\n\t\t\t\t\t\t\t\t\t\t\t<\/div>\n\t\t\t\t\t\t\t\t\t<div class=\"elementor-background-overlay\"><\/div>\n\t\t\t\t\t\t\t<div class=\"elementor-container elementor-column-gap-wider\">\n\t\t\t\t\t<div class=\"elementor-column elementor-col-33 elementor-top-column elementor-element elementor-element-9c04e68 elementor-hidden-mobile elementor-hidden-tablet\" data-id=\"9c04e68\" data-element_type=\"column\">\n\t\t\t<div class=\"elementor-widget-wrap elementor-element-populated\">\n\t\t\t\t\t\t\t\t<div class=\"elementor-element elementor-element-b3f9022 elementor-widget elementor-widget-spacer\" data-id=\"b3f9022\" data-element_type=\"widget\" data-widget_type=\"spacer.default\">\n\t\t\t\t<div class=\"elementor-widget-container\">\n\t\t\t<style>\/*! elementor - v3.13.2 - 11-05-2023 *\/\n.elementor-column .elementor-spacer-inner{height:var(--spacer-size)}.e-con{--container-widget-width:100%}.e-con-inner>.elementor-widget-spacer,.e-con>.elementor-widget-spacer{width:var(--container-widget-width,var(--spacer-size));--align-self:var(--container-widget-align-self,initial);--flex-shrink:0}.e-con-inner>.elementor-widget-spacer>.elementor-widget-container,.e-con-inner>.elementor-widget-spacer>.elementor-widget-container>.elementor-spacer,.e-con>.elementor-widget-spacer>.elementor-widget-container,.e-con>.elementor-widget-spacer>.elementor-widget-container>.elementor-spacer{height:100%}.e-con-inner>.elementor-widget-spacer>.elementor-widget-container>.elementor-spacer>.elementor-spacer-inner,.e-con>.elementor-widget-spacer>.elementor-widget-container>.elementor-spacer>.elementor-spacer-inner{height:var(--container-widget-height,var(--spacer-size))}<\/style>\t\t<div class=\"elementor-spacer\">\n\t\t\t<div class=\"elementor-spacer-inner\"><\/div>\n\t\t<\/div>\n\t\t\t\t<\/div>\n\t\t\t\t<\/div>\n\t\t\t\t<div class=\"elementor-element elementor-element-ce5673e elementor-align-left elementor-widget__width-auto elementor-widget elementor-widget-button\" data-id=\"ce5673e\" data-element_type=\"widget\" id=\"cta_follow\" data-widget_type=\"button.default\">\n\t\t\t\t<div class=\"elementor-widget-container\">\n\t\t\t\t\t<div class=\"elementor-button-wrapper\">\n\t\t\t<a href=\"#\" class=\"elementor-button-link elementor-button elementor-size-sm\" role=\"button\">\n\t\t\t\t\t\t<span class=\"elementor-button-content-wrapper\">\n\t\t\t\t\t\t\t<span class=\"elementor-button-icon elementor-align-icon-left\">\n\t\t\t\t<i aria-hidden=\"true\" class=\"fas fa-angle-left\"><\/i>\t\t\t<\/span>\n\t\t\t\t\t\t<span class=\"elementor-button-text\">Nous suivre<\/span>\n\t\t<\/span>\n\t\t\t\t\t<\/a>\n\t\t<\/div>\n\t\t\t\t<\/div>\n\t\t\t\t<\/div>\n\t\t\t\t<div class=\"elementor-element elementor-element-c9bbb52 elementor-shape-circle elementor-absolute elementor-grid-0 e-grid-align-center elementor-widget elementor-widget-social-icons\" data-id=\"c9bbb52\" data-element_type=\"widget\" id=\"followus\" data-settings=\"{&quot;_position&quot;:&quot;absolute&quot;}\" data-widget_type=\"social-icons.default\">\n\t\t\t\t<div class=\"elementor-widget-container\">\n\t\t\t<style>\/*! elementor - v3.13.2 - 11-05-2023 *\/\n.elementor-widget-social-icons.elementor-grid-0 .elementor-widget-container,.elementor-widget-social-icons.elementor-grid-mobile-0 .elementor-widget-container,.elementor-widget-social-icons.elementor-grid-tablet-0 .elementor-widget-container{line-height:1;font-size:0}.elementor-widget-social-icons:not(.elementor-grid-0):not(.elementor-grid-tablet-0):not(.elementor-grid-mobile-0) .elementor-grid{display:inline-grid}.elementor-widget-social-icons .elementor-grid{grid-column-gap:var(--grid-column-gap,5px);grid-row-gap:var(--grid-row-gap,5px);grid-template-columns:var(--grid-template-columns);justify-content:var(--justify-content,center);justify-items:var(--justify-content,center)}.elementor-icon.elementor-social-icon{font-size:var(--icon-size,25px);line-height:var(--icon-size,25px);width:calc(var(--icon-size, 25px) + (2 * var(--icon-padding, .5em)));height:calc(var(--icon-size, 25px) + (2 * var(--icon-padding, .5em)))}.elementor-social-icon{--e-social-icon-icon-color:#fff;display:inline-flex;background-color:#69727d;align-items:center;justify-content:center;text-align:center;cursor:pointer}.elementor-social-icon i{color:var(--e-social-icon-icon-color)}.elementor-social-icon svg{fill:var(--e-social-icon-icon-color)}.elementor-social-icon:last-child{margin:0}.elementor-social-icon:hover{opacity:.9;color:#fff}.elementor-social-icon-android{background-color:#a4c639}.elementor-social-icon-apple{background-color:#999}.elementor-social-icon-behance{background-color:#1769ff}.elementor-social-icon-bitbucket{background-color:#205081}.elementor-social-icon-codepen{background-color:#000}.elementor-social-icon-delicious{background-color:#39f}.elementor-social-icon-deviantart{background-color:#05cc47}.elementor-social-icon-digg{background-color:#005be2}.elementor-social-icon-dribbble{background-color:#ea4c89}.elementor-social-icon-elementor{background-color:#d30c5c}.elementor-social-icon-envelope{background-color:#ea4335}.elementor-social-icon-facebook,.elementor-social-icon-facebook-f{background-color:#3b5998}.elementor-social-icon-flickr{background-color:#0063dc}.elementor-social-icon-foursquare{background-color:#2d5be3}.elementor-social-icon-free-code-camp,.elementor-social-icon-freecodecamp{background-color:#006400}.elementor-social-icon-github{background-color:#333}.elementor-social-icon-gitlab{background-color:#e24329}.elementor-social-icon-globe{background-color:#69727d}.elementor-social-icon-google-plus,.elementor-social-icon-google-plus-g{background-color:#dd4b39}.elementor-social-icon-houzz{background-color:#7ac142}.elementor-social-icon-instagram{background-color:#262626}.elementor-social-icon-jsfiddle{background-color:#487aa2}.elementor-social-icon-link{background-color:#818a91}.elementor-social-icon-linkedin,.elementor-social-icon-linkedin-in{background-color:#0077b5}.elementor-social-icon-medium{background-color:#00ab6b}.elementor-social-icon-meetup{background-color:#ec1c40}.elementor-social-icon-mixcloud{background-color:#273a4b}.elementor-social-icon-odnoklassniki{background-color:#f4731c}.elementor-social-icon-pinterest{background-color:#bd081c}.elementor-social-icon-product-hunt{background-color:#da552f}.elementor-social-icon-reddit{background-color:#ff4500}.elementor-social-icon-rss{background-color:#f26522}.elementor-social-icon-shopping-cart{background-color:#4caf50}.elementor-social-icon-skype{background-color:#00aff0}.elementor-social-icon-slideshare{background-color:#0077b5}.elementor-social-icon-snapchat{background-color:#fffc00}.elementor-social-icon-soundcloud{background-color:#f80}.elementor-social-icon-spotify{background-color:#2ebd59}.elementor-social-icon-stack-overflow{background-color:#fe7a15}.elementor-social-icon-steam{background-color:#00adee}.elementor-social-icon-stumbleupon{background-color:#eb4924}.elementor-social-icon-telegram{background-color:#2ca5e0}.elementor-social-icon-thumb-tack{background-color:#1aa1d8}.elementor-social-icon-tripadvisor{background-color:#589442}.elementor-social-icon-tumblr{background-color:#35465c}.elementor-social-icon-twitch{background-color:#6441a5}.elementor-social-icon-twitter{background-color:#1da1f2}.elementor-social-icon-viber{background-color:#665cac}.elementor-social-icon-vimeo{background-color:#1ab7ea}.elementor-social-icon-vk{background-color:#45668e}.elementor-social-icon-weibo{background-color:#dd2430}.elementor-social-icon-weixin{background-color:#31a918}.elementor-social-icon-whatsapp{background-color:#25d366}.elementor-social-icon-wordpress{background-color:#21759b}.elementor-social-icon-xing{background-color:#026466}.elementor-social-icon-yelp{background-color:#af0606}.elementor-social-icon-youtube{background-color:#cd201f}.elementor-social-icon-500px{background-color:#0099e5}.elementor-shape-rounded .elementor-icon.elementor-social-icon{border-radius:10%}.elementor-shape-circle .elementor-icon.elementor-social-icon{border-radius:50%}<\/style>\t\t<div class=\"elementor-social-icons-wrapper elementor-grid\">\n\t\t\t\t\t\t\t<span class=\"elementor-grid-item\">\n\t\t\t\t\t<a class=\"elementor-icon elementor-social-icon elementor-social-icon-instagram elementor-repeater-item-cde3d3c\" href=\"https:\/\/www.instagram.com\/lantresportsclub\/\" target=\"_blank\">\n\t\t\t\t\t\t<span class=\"elementor-screen-only\">Instagram<\/span>\n\t\t\t\t\t\t<i class=\"fab fa-instagram\"><\/i>\t\t\t\t\t<\/a>\n\t\t\t\t<\/span>\n\t\t\t\t\t\t\t<span class=\"elementor-grid-item\">\n\t\t\t\t\t<a class=\"elementor-icon elementor-social-icon elementor-social-icon-facebook elementor-repeater-item-8cecce2\" href=\"https:\/\/www.facebook.com\/lantrecoaching\" target=\"_blank\">\n\t\t\t\t\t\t<span class=\"elementor-screen-only\">Facebook<\/span>\n\t\t\t\t\t\t<i class=\"fab fa-facebook\"><\/i>\t\t\t\t\t<\/a>\n\t\t\t\t<\/span>\n\t\t\t\t\t\t\t<span class=\"elementor-grid-item\">\n\t\t\t\t\t<a class=\"elementor-icon elementor-social-icon elementor-social-icon-linkedin elementor-repeater-item-fa0a874\" href=\"https:\/\/www.linkedin.com\/company\/lantre-coachingpriv\u00e9\" target=\"_blank\">\n\t\t\t\t\t\t<span class=\"elementor-screen-only\">Linkedin<\/span>\n\t\t\t\t\t\t<i class=\"fab fa-linkedin\"><\/i>\t\t\t\t\t<\/a>\n\t\t\t\t<\/span>\n\t\t\t\t\t<\/div>\n\t\t\t\t<\/div>\n\t\t\t\t<\/div>\n\t\t\t\t\t<\/div>\n\t\t<\/div>\n\t\t\t\t<div class=\"elementor-column elementor-col-33 elementor-top-column elementor-element elementor-element-b03fad0\" data-id=\"b03fad0\" data-element_type=\"column\">\n\t\t\t<div class=\"elementor-widget-wrap elementor-element-populated\">\n\t\t\t\t\t\t\t\t<div class=\"elementor-element elementor-element-4c16cfd animated-slow elementor-invisible elementor-widget elementor-widget-image\" data-id=\"4c16cfd\" data-element_type=\"widget\" data-settings=\"{&quot;_animation&quot;:&quot;fadeIn&quot;}\" data-widget_type=\"image.default\">\n\t\t\t\t<div class=\"elementor-widget-container\">\n\t\t\t<style>\/*! elementor - v3.13.2 - 11-05-2023 *\/\n.elementor-widget-image{text-align:center}.elementor-widget-image a{display:inline-block}.elementor-widget-image a img[src$=\".svg\"]{width:48px}.elementor-widget-image img{vertical-align:middle;display:inline-block}<\/style>\t\t\t\t\t\t\t\t\t\t\t\t\t<a href=\"https:\/\/bypi.fr\/antre\/\">\n\t\t\t\t\t\t\t<img loading=\"lazy\" decoding=\"async\" width=\"1024\" height=\"283\" src=\"https:\/\/bypi.fr\/antre\/wp-content\/uploads\/2023\/05\/LAntre-Coaching-Sportif-Prive-Toulouse-1024x283.png\" class=\"attachment-large size-large wp-image-2763\" alt=\"\" srcset=\"https:\/\/bypi.fr\/antre\/wp-content\/uploads\/2023\/05\/LAntre-Coaching-Sportif-Prive-Toulouse-1024x283.png 1024w, https:\/\/bypi.fr\/antre\/wp-content\/uploads\/2023\/05\/LAntre-Coaching-Sportif-Prive-Toulouse-300x83.png 300w, https:\/\/bypi.fr\/antre\/wp-content\/uploads\/2023\/05\/LAntre-Coaching-Sportif-Prive-Toulouse-768x212.png 768w, https:\/\/bypi.fr\/antre\/wp-content\/uploads\/2023\/05\/LAntre-Coaching-Sportif-Prive-Toulouse.png 1123w\" sizes=\"auto, (max-width: 1024px) 100vw, 1024px\" \/>\t\t\t\t\t\t\t\t<\/a>\n\t\t\t\t\t\t\t\t\t\t\t\t\t\t\t<\/div>\n\t\t\t\t<\/div>\n\t\t\t\t<div class=\"elementor-element elementor-element-9fac5c7 elementor-widget elementor-widget-html\" data-id=\"9fac5c7\" data-element_type=\"widget\" data-widget_type=\"html.default\">\n\t\t\t\t<div class=\"elementor-widget-container\">\n\t\t\t<script>\n    jQuery('#cta_follow a').click(function(ev){\n        ev.preventDefault();\n        jQuery('#followus').css({'opacity':1,'z-index':10});\n        jQuery(this).css({'opacity':0,'z-index':0});\n    });\n<\/script>\t\t<\/div>\n\t\t\t\t<\/div>\n\t\t\t\t\t<\/div>\n\t\t<\/div>\n\t\t\t\t<div class=\"elementor-column elementor-col-33 elementor-top-column elementor-element elementor-element-f8a1570\" data-id=\"f8a1570\" data-element_type=\"column\">\n\t\t\t<div class=\"elementor-widget-wrap elementor-element-populated\">\n\t\t\t\t\t\t\t\t<div class=\"elementor-element elementor-element-85b62f7 elementor-widget elementor-widget-spacer\" data-id=\"85b62f7\" data-element_type=\"widget\" data-widget_type=\"spacer.default\">\n\t\t\t\t<div class=\"elementor-widget-container\">\n\t\t\t\t\t<div class=\"elementor-spacer\">\n\t\t\t<div class=\"elementor-spacer-inner\"><\/div>\n\t\t<\/div>\n\t\t\t\t<\/div>\n\t\t\t\t<\/div>\n\t\t\t\t<div class=\"elementor-element elementor-element-72496cc elementor-align-left elementor-widget__width-auto elementor-widget elementor-widget-button\" data-id=\"72496cc\" data-element_type=\"widget\" data-widget_type=\"button.default\">\n\t\t\t\t<div class=\"elementor-widget-container\">\n\t\t\t\t\t<div class=\"elementor-button-wrapper\">\n\t\t\t<a href=\"https:\/\/bypi.fr\/antre\/studio\/\" class=\"elementor-button-link elementor-button elementor-size-sm\" role=\"button\">\n\t\t\t\t\t\t<span class=\"elementor-button-content-wrapper\">\n\t\t\t\t\t\t\t<span class=\"elementor-button-icon elementor-align-icon-right\">\n\t\t\t\t<i aria-hidden=\"true\" class=\"fas fa-angle-right\"><\/i>\t\t\t<\/span>\n\t\t\t\t\t\t<span class=\"elementor-button-text\">Nous d\u00e9couvrir<\/span>\n\t\t<\/span>\n\t\t\t\t\t<\/a>\n\t\t<\/div>\n\t\t\t\t<\/div>\n\t\t\t\t<\/div>\n\t\t\t\t<div class=\"elementor-element elementor-element-5403817 elementor-shape-circle elementor-absolute elementor-hidden-desktop elementor-grid-0 e-grid-align-center elementor-widget elementor-widget-social-icons\" data-id=\"5403817\" data-element_type=\"widget\" data-settings=\"{&quot;_position&quot;:&quot;absolute&quot;}\" data-widget_type=\"social-icons.default\">\n\t\t\t\t<div class=\"elementor-widget-container\">\n\t\t\t\t\t<div class=\"elementor-social-icons-wrapper elementor-grid\">\n\t\t\t\t\t\t\t<span class=\"elementor-grid-item\">\n\t\t\t\t\t<a class=\"elementor-icon elementor-social-icon elementor-social-icon-instagram elementor-repeater-item-cde3d3c\" href=\"https:\/\/www.instagram.com\/lantresportsclub\/\" target=\"_blank\">\n\t\t\t\t\t\t<span class=\"elementor-screen-only\">Instagram<\/span>\n\t\t\t\t\t\t<i class=\"fab fa-instagram\"><\/i>\t\t\t\t\t<\/a>\n\t\t\t\t<\/span>\n\t\t\t\t\t\t\t<span class=\"elementor-grid-item\">\n\t\t\t\t\t<a class=\"elementor-icon elementor-social-icon elementor-social-icon-facebook elementor-repeater-item-8cecce2\" href=\"https:\/\/www.facebook.com\/lantrecoaching\" target=\"_blank\">\n\t\t\t\t\t\t<span class=\"elementor-screen-only\">Facebook<\/span>\n\t\t\t\t\t\t<i class=\"fab fa-facebook\"><\/i>\t\t\t\t\t<\/a>\n\t\t\t\t<\/span>\n\t\t\t\t\t\t\t<span class=\"elementor-grid-item\">\n\t\t\t\t\t<a class=\"elementor-icon elementor-social-icon elementor-social-icon-linkedin elementor-repeater-item-fa0a874\" href=\"https:\/\/www.linkedin.com\/company\/lantre-coachingpriv\u00e9\" target=\"_blank\">\n\t\t\t\t\t\t<span class=\"elementor-screen-only\">Linkedin<\/span>\n\t\t\t\t\t\t<i class=\"fab fa-linkedin\"><\/i>\t\t\t\t\t<\/a>\n\t\t\t\t<\/span>\n\t\t\t\t\t<\/div>\n\t\t\t\t<\/div>\n\t\t\t\t<\/div>\n\t\t\t\t\t<\/div>\n\t\t<\/div>\n\t\t\t\t\t\t\t<\/div>\n\t\t<\/section>\n\t\t\t\t\t\t\t<\/div>\n\t\t","protected":false},"excerpt":{"rendered":"<p>Nous suivre Instagram Facebook Linkedin Nous d\u00e9couvrir Instagram Facebook Linkedin<\/p>\n","protected":false},"author":1,"featured_media":2750,"parent":0,"menu_order":5,"comment_status":"closed","ping_status":"closed","template":"elementor_canvas","meta":{"inline_featured_image":false,"site-sidebar-layout":"no-sidebar","site-content-layout":"page-builder","ast-global-header-display":"","ast-banner-title-visibility":"","ast-main-header-display":"","ast-hfb-above-header-display":"","ast-hfb-below-header-display":"","ast-hfb-mobile-header-display":"","site-post-title":"disabled","ast-breadcrumbs-content":"","ast-featured-img":"disabled","footer-sml-layout":"","theme-transparent-header-meta":"default","adv-header-id-meta":"","stick-header-meta":"","header-above-stick-meta":"","header-main-stick-meta":"","header-below-stick-meta":"","footnotes":""},"class_list":["post-366","page","type-page","status-publish","has-post-thumbnail","hentry"],"acf":[],"yoast_head":"<!-- This site is optimized with the Yoast SEO plugin v20.7 - https:\/\/yoast.com\/wordpress\/plugins\/seo\/ -->\n<title>L\u2019Antre | Coaching sportif \u00e0 Toulouse<\/title>\n<meta name=\"description\" content=\"Nous offrons une nouvelle approche du coaching sportif o\u00f9 la performance est alli\u00e9e au plaisir dans des cours ludiques et innovants. Nous avons \u00e9galement un \u00e9quipe de coach sportif \u00e0 domicile.\" \/>\n<meta name=\"robots\" content=\"index, follow, max-snippet:-1, max-image-preview:large, max-video-preview:-1\" \/>\n<link rel=\"canonical\" href=\"https:\/\/bypi.fr\/antre\/\" \/>\n<meta property=\"og:locale\" content=\"fr_FR\" \/>\n<meta property=\"og:type\" content=\"article\" \/>\n<meta property=\"og:title\" content=\"L\u2019Antre | Coaching sportif \u00e0 Toulouse\" \/>\n<meta property=\"og:description\" content=\"Nous offrons une nouvelle approche du coaching sportif o\u00f9 la performance est alli\u00e9e au plaisir dans des cours ludiques et innovants. Nous avons \u00e9galement un \u00e9quipe de coach sportif \u00e0 domicile.\" \/>\n<meta property=\"og:url\" content=\"https:\/\/bypi.fr\/antre\/\" \/>\n<meta property=\"og:site_name\" content=\"L\u2019Antre\" \/>\n<meta property=\"article:modified_time\" content=\"2023-05-10T13:57:07+00:00\" \/>\n<meta property=\"og:image\" content=\"https:\/\/bypi.fr\/antre\/wp-content\/uploads\/2023\/05\/Logo-LAntre-Coaching-Sportif-Prive-Toulouse.png\" \/>\n\t<meta property=\"og:image:width\" content=\"800\" \/>\n\t<meta property=\"og:image:height\" content=\"800\" \/>\n\t<meta property=\"og:image:type\" content=\"image\/png\" \/>\n<meta name=\"twitter:card\" content=\"summary_large_image\" \/>\n<meta name=\"twitter:label1\" content=\"Dur\u00e9e de lecture estim\u00e9e\" \/>\n\t<meta name=\"twitter:data1\" content=\"1 minute\" \/>\n<script type=\"application\/ld+json\" class=\"yoast-schema-graph\">{\"@context\":\"https:\/\/schema.org\",\"@graph\":[{\"@type\":\"WebPage\",\"@id\":\"https:\/\/bypi.fr\/antre\/\",\"url\":\"https:\/\/bypi.fr\/antre\/\",\"name\":\"L\u2019Antre | Coaching sportif \u00e0 Toulouse\",\"isPartOf\":{\"@id\":\"https:\/\/bypi.fr\/antre\/#website\"},\"datePublished\":\"2022-01-24T10:11:03+00:00\",\"dateModified\":\"2023-05-10T13:57:07+00:00\",\"description\":\"Nous offrons une nouvelle approche du coaching sportif o\u00f9 la performance est alli\u00e9e au plaisir dans des cours ludiques et innovants. Nous avons \u00e9galement un \u00e9quipe de coach sportif \u00e0 domicile.\",\"breadcrumb\":{\"@id\":\"https:\/\/bypi.fr\/antre\/#breadcrumb\"},\"inLanguage\":\"fr-FR\",\"potentialAction\":[{\"@type\":\"ReadAction\",\"target\":[\"https:\/\/bypi.fr\/antre\/\"]}]},{\"@type\":\"BreadcrumbList\",\"@id\":\"https:\/\/bypi.fr\/antre\/#breadcrumb\",\"itemListElement\":[{\"@type\":\"ListItem\",\"position\":1,\"name\":\"Accueil\",\"item\":\"https:\/\/bypi.fr\/antre\/\"},{\"@type\":\"ListItem\",\"position\":2,\"name\":\"Coaching Priv\u00e9 \u00e0 Toulouse\"}]},{\"@type\":\"WebSite\",\"@id\":\"https:\/\/bypi.fr\/antre\/#website\",\"url\":\"https:\/\/bypi.fr\/antre\/\",\"name\":\"L'Antre\",\"description\":\"Coaching Priv\u00e9\",\"publisher\":{\"@id\":\"https:\/\/bypi.fr\/antre\/#organization\"},\"potentialAction\":[{\"@type\":\"SearchAction\",\"target\":{\"@type\":\"EntryPoint\",\"urlTemplate\":\"https:\/\/bypi.fr\/antre\/?s={search_term_string}\"},\"query-input\":\"required name=search_term_string\"}],\"inLanguage\":\"fr-FR\"},{\"@type\":\"Organization\",\"@id\":\"https:\/\/bypi.fr\/antre\/#organization\",\"name\":\"L'Antre\",\"url\":\"https:\/\/bypi.fr\/antre\/\",\"logo\":{\"@type\":\"ImageObject\",\"inLanguage\":\"fr-FR\",\"@id\":\"https:\/\/bypi.fr\/antre\/#\/schema\/logo\/image\/\",\"url\":\"\",\"contentUrl\":\"\",\"caption\":\"L'Antre\"},\"image\":{\"@id\":\"https:\/\/bypi.fr\/antre\/#\/schema\/logo\/image\/\"},\"sameAs\":[\"https:\/\/www.instagram.com\/lantrecoaching\/\"]}]}<\/script>\n<!-- \/ Yoast SEO plugin. -->","yoast_head_json":{"title":"L\u2019Antre | Coaching sportif \u00e0 Toulouse","description":"Nous offrons une nouvelle approche du coaching sportif o\u00f9 la performance est alli\u00e9e au plaisir dans des cours ludiques et innovants. Nous avons \u00e9galement un \u00e9quipe de coach sportif \u00e0 domicile.","robots":{"index":"index","follow":"follow","max-snippet":"max-snippet:-1","max-image-preview":"max-image-preview:large","max-video-preview":"max-video-preview:-1"},"canonical":"https:\/\/bypi.fr\/antre\/","og_locale":"fr_FR","og_type":"article","og_title":"L\u2019Antre | Coaching sportif \u00e0 Toulouse","og_description":"Nous offrons une nouvelle approche du coaching sportif o\u00f9 la performance est alli\u00e9e au plaisir dans des cours ludiques et innovants. Nous avons \u00e9galement un \u00e9quipe de coach sportif \u00e0 domicile.","og_url":"https:\/\/bypi.fr\/antre\/","og_site_name":"L\u2019Antre","article_modified_time":"2023-05-10T13:57:07+00:00","og_image":[{"width":800,"height":800,"url":"https:\/\/bypi.fr\/antre\/wp-content\/uploads\/2023\/05\/Logo-LAntre-Coaching-Sportif-Prive-Toulouse.png","type":"image\/png"}],"twitter_card":"summary_large_image","twitter_misc":{"Dur\u00e9e de lecture estim\u00e9e":"1 minute"},"schema":{"@context":"https:\/\/schema.org","@graph":[{"@type":"WebPage","@id":"https:\/\/bypi.fr\/antre\/","url":"https:\/\/bypi.fr\/antre\/","name":"L\u2019Antre | Coaching sportif \u00e0 Toulouse","isPartOf":{"@id":"https:\/\/bypi.fr\/antre\/#website"},"datePublished":"2022-01-24T10:11:03+00:00","dateModified":"2023-05-10T13:57:07+00:00","description":"Nous offrons une nouvelle approche du coaching sportif o\u00f9 la performance est alli\u00e9e au plaisir dans des cours ludiques et innovants. Nous avons \u00e9galement un \u00e9quipe de coach sportif \u00e0 domicile.","breadcrumb":{"@id":"https:\/\/bypi.fr\/antre\/#breadcrumb"},"inLanguage":"fr-FR","potentialAction":[{"@type":"ReadAction","target":["https:\/\/bypi.fr\/antre\/"]}]},{"@type":"BreadcrumbList","@id":"https:\/\/bypi.fr\/antre\/#breadcrumb","itemListElement":[{"@type":"ListItem","position":1,"name":"Accueil","item":"https:\/\/bypi.fr\/antre\/"},{"@type":"ListItem","position":2,"name":"Coaching Priv\u00e9 \u00e0 Toulouse"}]},{"@type":"WebSite","@id":"https:\/\/bypi.fr\/antre\/#website","url":"https:\/\/bypi.fr\/antre\/","name":"L'Antre","description":"Coaching Priv\u00e9","publisher":{"@id":"https:\/\/bypi.fr\/antre\/#organization"},"potentialAction":[{"@type":"SearchAction","target":{"@type":"EntryPoint","urlTemplate":"https:\/\/bypi.fr\/antre\/?s={search_term_string}"},"query-input":"required name=search_term_string"}],"inLanguage":"fr-FR"},{"@type":"Organization","@id":"https:\/\/bypi.fr\/antre\/#organization","name":"L'Antre","url":"https:\/\/bypi.fr\/antre\/","logo":{"@type":"ImageObject","inLanguage":"fr-FR","@id":"https:\/\/bypi.fr\/antre\/#\/schema\/logo\/image\/","url":"","contentUrl":"","caption":"L'Antre"},"image":{"@id":"https:\/\/bypi.fr\/antre\/#\/schema\/logo\/image\/"},"sameAs":["https:\/\/www.instagram.com\/lantrecoaching\/"]}]}},"_links":{"self":[{"href":"https:\/\/bypi.fr\/antre\/wp-json\/wp\/v2\/pages\/366","targetHints":{"allow":["GET"]}}],"collection":[{"href":"https:\/\/bypi.fr\/antre\/wp-json\/wp\/v2\/pages"}],"about":[{"href":"https:\/\/bypi.fr\/antre\/wp-json\/wp\/v2\/types\/page"}],"author":[{"embeddable":true,"href":"https:\/\/bypi.fr\/antre\/wp-json\/wp\/v2\/users\/1"}],"replies":[{"embeddable":true,"href":"https:\/\/bypi.fr\/antre\/wp-json\/wp\/v2\/comments?post=366"}],"version-history":[{"count":47,"href":"https:\/\/bypi.fr\/antre\/wp-json\/wp\/v2\/pages\/366\/revisions"}],"predecessor-version":[{"id":2798,"href":"https:\/\/bypi.fr\/antre\/wp-json\/wp\/v2\/pages\/366\/revisions\/2798"}],"wp:featuredmedia":[{"embeddable":true,"href":"https:\/\/bypi.fr\/antre\/wp-json\/wp\/v2\/media\/2750"}],"wp:attachment":[{"href":"https:\/\/bypi.fr\/antre\/wp-json\/wp\/v2\/media?parent=366"}],"curies":[{"name":"wp","href":"https:\/\/api.w.org\/{rel}","templated":true}]}}